{"id":263,"date":"2022-03-08T16:59:46","date_gmt":"2022-03-08T15:59:46","guid":{"rendered":"https:\/\/obercraft.de\/home\/?page_id=263"},"modified":"2022-03-08T20:46:46","modified_gmt":"2022-03-08T19:46:46","slug":"obercraftde-skywars","status":"publish","type":"page","link":"https:\/\/obercraft.de\/home\/index.php\/obercraftde-skywars\/","title":{"rendered":"OberCraftDE Skywars"},"content":{"rendered":"\n<p>Hier sind alle informationen zu unseren Skywars Angeboten<\/p>\n\n\n\n<figure class=\"wp-block-image size-full\"><img loading=\"lazy\" width=\"1024\" height=\"758\" src=\"https:\/\/obercraft.de\/home\/wp-content\/uploads\/2022\/03\/2022-03-08_16.48.09-1024x758-1.jpg\" alt=\"\" class=\"wp-image-334\" srcset=\"https:\/\/obercraft.de\/home\/wp-content\/uploads\/2022\/03\/2022-03-08_16.48.09-1024x758-1.jpg 1024w, https:\/\/obercraft.de\/home\/wp-content\/uploads\/2022\/03\/2022-03-08_16.48.09-1024x758-1-300x222.jpg 300w, https:\/\/obercraft.de\/home\/wp-content\/uploads\/2022\/03\/2022-03-08_16.48.09-1024x758-1-768x569.jpg 768w\" sizes=\"(max-width: 1024px) 100vw, 1024px\" \/><figcaption>Bild von unserer bislang einzigen Map (von au\u00dfen) | Gebaut von WolliB<\/figcaption><\/figure>\n\n\n\n<p>Wir beiten derzeit leider nur eine kleine Skywars Map da wir uns aktuell auf andere Dinge fokussieren, falls du f\u00fcr uns eine Skywars Map bauen m\u00f6chtest, kannst du dich gerne bei uns auf unserem Discord melden. Jeder Erbauer wird namentlich bei jeder Map erw\u00e4hnt.<\/p>\n\n\n\n<figure class=\"wp-block-image size-full\"><img loading=\"lazy\" width=\"1024\" height=\"758\" src=\"https:\/\/obercraft.de\/home\/wp-content\/uploads\/2022\/03\/2022-03-08_16.48.20-1024x758-1.jpg\" alt=\"\" class=\"wp-image-336\" srcset=\"https:\/\/obercraft.de\/home\/wp-content\/uploads\/2022\/03\/2022-03-08_16.48.20-1024x758-1.jpg 1024w, https:\/\/obercraft.de\/home\/wp-content\/uploads\/2022\/03\/2022-03-08_16.48.20-1024x758-1-300x222.jpg 300w, https:\/\/obercraft.de\/home\/wp-content\/uploads\/2022\/03\/2022-03-08_16.48.20-1024x758-1-768x569.jpg 768w\" sizes=\"(max-width: 1024px) 100vw, 1024px\" \/><figcaption>Bild von unserer Skywars Map aus der Sicht einer Insel | Gebaut von WolliB<\/figcaption><\/figure>\n\n\n\n<p>Aktuell gibt es noch keine Kits. Wir werden uns um Kits k\u00fcmmern sobald wir mehr Skywars Maps haben.<\/p>\n\n\n\n<p>Aktuell kann es zu fehlern kommen die daf\u00fcr sorgt das man nicht alle Spieler sehen kann. (Spielt einfach auf der gleichen Minecraft Version z.B.: 1.8, dann sollte dies nicht vorkommen).<\/p>\n\n\n\n<p>Wir sind euch f\u00fcr Anregungen und Maps sehr dankbar!<\/p>\n\n\n\n<p>Fragen und Antworten:<\/p>\n\n\n\n<p>Wo finde ich Skywars? Gehe einfach auf die Server Auswahl in der Lobby und w\u00e4hle Skywars aus oder gehe in der Lobby zum Skywars Bereich. (nicht vergessen zur Lobby kommt ihr jederzeit mit \/l)<\/p>\n\n\n\n<p>Hilfe ich sehe Entities aus der Lobby wenn ich ins Void schaue. Dies ist ein bereits bekannter Bug, keine Sorge dies ist nur ein Anzeigefehler. (funfact: die Lobby befindet sich sogar auf einen ganz anderen PC)<\/p>\n\n\n\n<p>Mein Spiel crasht wenn ich mit der 1.7.x auf Skywars joine. Das liegt daran das Skywars nicht mit der 1.7.x Kompatibel ist. Bitte schau vorher in der Server Auswahl ob die Version mit der du spielst als Kompatibel angegeben ist.<\/p>\n\n\n\n<figure class=\"wp-block-image size-full\"><img loading=\"lazy\" width=\"836\" height=\"522\" src=\"https:\/\/obercraft.de\/home\/wp-content\/uploads\/2022\/03\/2022-03-08_15.36.47-3-edited-1-1.jpg\" alt=\"\" class=\"wp-image-337\" srcset=\"https:\/\/obercraft.de\/home\/wp-content\/uploads\/2022\/03\/2022-03-08_15.36.47-3-edited-1-1.jpg 836w, https:\/\/obercraft.de\/home\/wp-content\/uploads\/2022\/03\/2022-03-08_15.36.47-3-edited-1-1-300x187.jpg 300w, https:\/\/obercraft.de\/home\/wp-content\/uploads\/2022\/03\/2022-03-08_15.36.47-3-edited-1-1-768x480.jpg 768w\" sizes=\"(max-width: 836px) 100vw, 836px\" \/><figcaption>Hier kannst du sehen ob die Version mit der du spielst kompatibel ist<\/figcaption><\/figure>\n","protected":false},"excerpt":{"rendered":"<p>Hier sind alle informationen zu unseren Skywars Angeboten Wir beiten derzeit leider nur eine kleine Skywars Map da wir uns aktuell auf andere Dinge fokussieren, falls du f\u00fcr uns eine Skywars Map bauen m\u00f6chtest, kannst du dich gerne bei uns auf unserem Discord melden. Jeder Erbauer wird namentlich bei jeder Map erw\u00e4hnt. Aktuell gibt es [&hellip;]<\/p>\n","protected":false},"author":2,"featured_media":0,"parent":0,"menu_order":0,"comment_status":"closed","ping_status":"closed","template":"","meta":[],"_links":{"self":[{"href":"https:\/\/obercraft.de\/home\/index.php\/wp-json\/wp\/v2\/pages\/263"}],"collection":[{"href":"https:\/\/obercraft.de\/home\/index.php\/wp-json\/wp\/v2\/pages"}],"about":[{"href":"https:\/\/obercraft.de\/home\/index.php\/wp-json\/wp\/v2\/types\/page"}],"author":[{"embeddable":true,"href":"https:\/\/obercraft.de\/home\/index.php\/wp-json\/wp\/v2\/users\/2"}],"replies":[{"embeddable":true,"href":"https:\/\/obercraft.de\/home\/index.php\/wp-json\/wp\/v2\/comments?post=263"}],"version-history":[{"count":2,"href":"https:\/\/obercraft.de\/home\/index.php\/wp-json\/wp\/v2\/pages\/263\/revisions"}],"predecessor-version":[{"id":338,"href":"https:\/\/obercraft.de\/home\/index.php\/wp-json\/wp\/v2\/pages\/263\/revisions\/338"}],"wp:attachment":[{"href":"https:\/\/obercraft.de\/home\/index.php\/wp-json\/wp\/v2\/media?parent=263"}],"curies":[{"name":"wp","href":"https:\/\/api.w.org\/{rel}","templated":true}]}}