{"id":152,"date":"2022-01-13T14:47:00","date_gmt":"2022-01-13T13:47:00","guid":{"rendered":"https:\/\/obercraft.de\/home\/?page_id=152"},"modified":"2022-01-13T14:49:08","modified_gmt":"2022-01-13T13:49:08","slug":"der-obercraftde-csgo-server","status":"publish","type":"page","link":"https:\/\/obercraft.de\/home\/index.php\/der-obercraftde-csgo-server\/","title":{"rendered":"OberCraftDE CSGO Server"},"content":{"rendered":"\n<p>Wir sind stolz euch endlich unseren CSGO Server pr\u00e4sentieren zu k\u00f6nnen!<\/p>\n\n\n\n<p>Hintergrund: Wir vom Obercraft.de Server Team sind schon viele Jahre begeisterte CSGO Spieler, unser Lieblings Spielmodus ist deathmatch. Wie ihr vielleicht wisst kommen in CSGO immer wieder neue h\u00e4ufig gute Community Maps zum Spiel dazu. Leider werden aber auch gute Community Maps wieder entfernt wie z.B.: Zoo, Anubis, Mocha und viele mehr.<\/p>\n\n\n\n<p>Unsere Idee: Ich habe mir oft gew\u00fcnscht einmal wieder zusammen mit anderen auf diesen Maps spielen zu k\u00f6nnen und kam darauf zum Schluss, dass ich mich bez\u00fcglich eines eigenen CSGO Server informieren m\u00fcsste und insbesondere die M\u00f6glichkeit Workshop Maps bei diesem hinzuzuf\u00fcgen.<\/p>\n\n\n\n<p>Unser Ergebnis: Nach einer l\u00e4ngeren Recherche kam ich zum Punkt, dass meine Idee umsetzbar war und ich mit Leichtigkeit einen CSGO auf unseren Bereits vorhandenen Servern installieren kann mit zus\u00e4tzlicher Unterst\u00fctzung der alten Community Maps.<\/p>\n\n\n\n<p>Unsere Umsetzung: Wir haben dann einen Server er\u00f6ffnet, welcher in unserem beliebten Spielmodus Deathmatch l\u00e4uft. Insbesondere haben wir die Rundenzeit auf 15Minuten erh\u00f6ht sowie Platz f\u00fcr bis zu 16 Spielern, welche solange nicht 16 Echte Spieler online sind mit Bots \u00fcberbr\u00fcckt werden. Wir haben unsere Lieblings CSGO Maps sowie viele ehemalige Community Maps hinzugef\u00fcgt.<\/p>\n\n\n\n<p>Alles weitere wie Regeln etc, findet ihr in der Rubrik <a href=\"https:\/\/obercraft.de\/home\/index.php\/csgo-server-uebersicht\/\">CSGO Server \u00dcbersicht<\/a>.<\/p>\n\n\n\n<p>Onlinestatus:<\/p>\n\n\n\n<script type=\"application\/javascript\">window.addEventListener('message',function(e){if(e.data.uid&&e.data.type==='sizeUpdate'){var i = document.querySelector('iframe[name=\"'+e.data.uid+'\"]');i.style.width = e.data.payload.width;i.style.height = e.data.payload.height;}});<\/script><iframe src=\"https:\/\/cdn.battlemetrics.com\/b\/standardVertical\/13935107.html?foreground=%23000000&amp;linkColor=%231185ec&amp;lines=%23000000&amp;background=%23ffffff&amp;chart=players%3ART&amp;chartColor=%23FF0700&amp;maxPlayersHeight=300\" frameborder=\"0\" style=\"border:0\" name=\"uwvyb\"><\/iframe>\n","protected":false},"excerpt":{"rendered":"<p>Wir sind stolz euch endlich unseren CSGO Server pr\u00e4sentieren zu k\u00f6nnen! Hintergrund: Wir vom Obercraft.de Server Team sind schon viele Jahre begeisterte CSGO Spieler, unser Lieblings Spielmodus ist deathmatch. Wie ihr vielleicht wisst kommen in CSGO immer wieder neue h\u00e4ufig gute Community Maps zum Spiel dazu. Leider werden aber auch gute Community Maps wieder entfernt [&hellip;]<\/p>\n","protected":false},"author":2,"featured_media":0,"parent":0,"menu_order":0,"comment_status":"closed","ping_status":"closed","template":"","meta":[],"_links":{"self":[{"href":"https:\/\/obercraft.de\/home\/index.php\/wp-json\/wp\/v2\/pages\/152"}],"collection":[{"href":"https:\/\/obercraft.de\/home\/index.php\/wp-json\/wp\/v2\/pages"}],"about":[{"href":"https:\/\/obercraft.de\/home\/index.php\/wp-json\/wp\/v2\/types\/page"}],"author":[{"embeddable":true,"href":"https:\/\/obercraft.de\/home\/index.php\/wp-json\/wp\/v2\/users\/2"}],"replies":[{"embeddable":true,"href":"https:\/\/obercraft.de\/home\/index.php\/wp-json\/wp\/v2\/comments?post=152"}],"version-history":[{"count":5,"href":"https:\/\/obercraft.de\/home\/index.php\/wp-json\/wp\/v2\/pages\/152\/revisions"}],"predecessor-version":[{"id":167,"href":"https:\/\/obercraft.de\/home\/index.php\/wp-json\/wp\/v2\/pages\/152\/revisions\/167"}],"wp:attachment":[{"href":"https:\/\/obercraft.de\/home\/index.php\/wp-json\/wp\/v2\/media?parent=152"}],"curies":[{"name":"wp","href":"https:\/\/api.w.org\/{rel}","templated":true}]}}