{"id":10,"date":"2021-11-19T15:48:01","date_gmt":"2021-11-19T14:48:01","guid":{"rendered":"https:\/\/obercraft.de\/test\/?page_id=10"},"modified":"2022-03-14T13:06:19","modified_gmt":"2022-03-14T12:06:19","slug":"das-neue-museum-oeffnet-seine-tueren","status":"publish","type":"page","link":"https:\/\/obercraft.de\/home\/","title":{"rendered":"Ein Minecraft Server f\u00fcr alle!"},"content":{"rendered":"\n<div class=\"wp-container-1 wp-block-group alignwide\"><div class=\"wp-block-group__inner-container\">\n<h2 class=\"has-text-align-center\">Die erste Adresse f\u00fcr Minecraft Survival und Minispiele.<\/h2>\n\n\n\n<p>Bei uns gibt es eine Vielzahl an Aktivit\u00e4ten von Survival bis hin zum Citybuild!<\/p>\n\n\n\n<p>Wir bieten Bedwars, Skywars, Rage Game, Survival, Citybuild und Creative an.<\/p>\n\n\n\n<p>Unser Servernetzwerk besteht aus verschiedenen MC Version damit jeder Spielmodus die optimale Version hat.<\/p>\n\n\n\n<figure class=\"wp-block-image size-full\"><img loading=\"lazy\" width=\"1024\" height=\"758\" src=\"https:\/\/obercraft.de\/home\/wp-content\/uploads\/2022\/03\/2022-03-08_14.10.19-1024x7581-1.jpg\" alt=\"\" class=\"wp-image-330\" srcset=\"https:\/\/obercraft.de\/home\/wp-content\/uploads\/2022\/03\/2022-03-08_14.10.19-1024x7581-1.jpg 1024w, https:\/\/obercraft.de\/home\/wp-content\/uploads\/2022\/03\/2022-03-08_14.10.19-1024x7581-1-300x222.jpg 300w, https:\/\/obercraft.de\/home\/wp-content\/uploads\/2022\/03\/2022-03-08_14.10.19-1024x7581-1-768x569.jpg 768w\" sizes=\"(max-width: 1024px) 100vw, 1024px\" \/><figcaption>Bild von der Lobby<\/figcaption><\/figure>\n\n\n\n<p>Weitere Infos und Bilder findest du unter der OberCraftDE Server \u00dcbersicht zu dieser gelangst du hier <a href=\"https:\/\/obercraft.de\/home\/index.php\/obercraftde-server-uebersicht\/\" data-type=\"page\" data-id=\"197\">&lt;\u00dcbersicht&gt;<\/a><\/p>\n\n\n\n<p>Wer kann auf dem Server Spielen? Jeder du solltest nur vorher unserem discord beitreten und dich unseren Regeln vertraut machen. Discord: <a rel=\"noreferrer noopener\" href=\"https:\/\/discord.gg\/wgbVEZz7Kh\" target=\"_blank\">https:\/\/discord.gg\/wgbVEZz7Kh<\/a><\/p>\n\n\n\n<p>Womit kann man auf dem Server spielen? Du kannst sowohl mit der Java Version als auch mit der Bedrock Version spielen. Wir empfehlen jedoch f\u00fcr das optimale Spieleerlebnis die Java Version zu verwenden!<\/p>\n\n\n\n<p>Mit welcher Version kann ich auf dem Server spielen? Du kannst mit der Java Version auf der 1.7.x bis 1.18.x spielen, wir empfehlen jedoch die f\u00fcr den jeweiligen Unterserver empfohlene Version zu verwenden! Mit der Bedrock solltest du die aktuellste Version verwenden.<\/p>\n\n\n\n<p>Wo finde ich die empfohlene Minecraft Version? In der Server Auswahl in der Lobby steht bei jedem Unterserver die jeweiligen Versionen die benutzt werden k\u00f6nnen. Die Gr\u00fcne Version in den [] zeigt die empfohlene Version f\u00fcr den jeweiligen Unterserver an.<\/p>\n\n\n\n<figure class=\"wp-block-image size-full\"><img loading=\"lazy\" width=\"836\" height=\"522\" src=\"https:\/\/obercraft.de\/home\/wp-content\/uploads\/2022\/03\/2022-03-08_15.36.47-3-edited-1.jpg\" alt=\"\" class=\"wp-image-332\" srcset=\"https:\/\/obercraft.de\/home\/wp-content\/uploads\/2022\/03\/2022-03-08_15.36.47-3-edited-1.jpg 836w, https:\/\/obercraft.de\/home\/wp-content\/uploads\/2022\/03\/2022-03-08_15.36.47-3-edited-1-300x187.jpg 300w, https:\/\/obercraft.de\/home\/wp-content\/uploads\/2022\/03\/2022-03-08_15.36.47-3-edited-1-768x480.jpg 768w\" sizes=\"(max-width: 836px) 100vw, 836px\" \/><\/figure>\n\n\n\n<p>Brauche ich einen Minecraft Account um auf dem Server spielen zu k\u00f6nnen? Wenn du auf der Java Version spielst musst du einen Mojang oder Microsoft Account der eine aktivierte Java Version hat besitzen. Wenn du auf der Bedrock spielst musst du das Spiel nur im Store gekauft haben und mit deinem Microsoft Account verkn\u00fcft haben und damit angemeldet sein.<\/p>\n\n\n\n<p>Kann ich sowohl mit der Java als auch mit der Bedrock Version auf dem Server spielen? Ja entweder mit zwei verschiedenen Spielst\u00e4nden oder mit \/linkaccount kannst du deinen Bedrock Account mit deinem Java Account verkn\u00fcpfen. Weitere Infos bekommst du nachdem du den Command eingegeben hast.<\/p>\n\n\n\n<p>Kann ich auf dem Server zusammen mit meinen Freunden spielen? Ja, du solltest aber darauf achten ob Teaming erlaubt es, falls es nicht erlaubt ist wirst du nach dem betreten des Unterservers informiert. <\/p>\n\n\n\n<p>Darf man auf dem Server Modifikationen oder Hacks benutzen? Nein auf unserem Discord Server werden alle erlaubten Mods gelistet, jede die dort nicht gelistet ist, ist verboten und kann ggf. Mit einem Ban bestraft werden Tempor\u00e4r oder Permanent. <\/p>\n\n\n\n<p>Wie kann ich mich mit dem Server verbinden? Auf der Java Version musst du auf Multiplayer gehen und beim hinzuf\u00fcgen des Servers &#171;obercraft.de&#187; dort eingeben ohne &#171;&#187;. Du brauchst keinen Port anzugeben falls dieser doch gefragt sein sollte gebe 25565 beim Port ein. Bei der Bedrock Version gehst du auf Spielen, dann Server und dann auf hinzuf\u00fcgen. Den Namen kannst du dir selbst aussuchen bei Adressen gibst du &#171;obercraft.de &#187; ein ohne &#171;&#187;. Der Port sollte 19132 sein falls nicht \u00e4ndere ihn zu 19132.<\/p>\n<\/div><\/div>\n\n\n\n<h2>Die Livemaps:<\/h2>\n\n\n\n<div class=\"wp-container-5 wp-block-columns alignwide\">\n<div class=\"wp-container-2 wp-block-column\">\n<iframe loading=\"lazy\" src=\"https:\/\/livemap.obercraft.de\/\" width=\"100%\" height=\"600\">\n  <p>Your browser does not support iframes.<\/p>\n<\/iframe>\n<\/div>\n\n\n\n<div class=\"wp-container-4 wp-block-column\">\n<div class=\"wp-container-3 wp-block-group\"><div class=\"wp-block-group__inner-container\">\n<iframe loading=\"lazy\" src=\"https:\/\/livemap2.obercraft.de\/\" width=\"100%\" height=\"600\">\n  <p>Your browser does not support iframes.<\/p>\n<\/iframe>\n<\/div><\/div>\n\n\n\n<p><\/p>\n<\/div>\n<\/div>\n","protected":false},"excerpt":{"rendered":"<p>Die erste Adresse f\u00fcr Minecraft Survival und Minispiele. Bei uns gibt es eine Vielzahl an Aktivit\u00e4ten von Survival bis hin zum Citybuild! Wir bieten Bedwars, Skywars, Rage Game, Survival, Citybuild und Creative an. Unser Servernetzwerk besteht aus verschiedenen MC Version damit jeder Spielmodus die optimale Version hat. Weitere Infos und Bilder findest du unter der [&hellip;]<\/p>\n","protected":false},"author":2,"featured_media":0,"parent":0,"menu_order":0,"comment_status":"closed","ping_status":"closed","template":"","meta":[],"_links":{"self":[{"href":"https:\/\/obercraft.de\/home\/index.php\/wp-json\/wp\/v2\/pages\/10"}],"collection":[{"href":"https:\/\/obercraft.de\/home\/index.php\/wp-json\/wp\/v2\/pages"}],"about":[{"href":"https:\/\/obercraft.de\/home\/index.php\/wp-json\/wp\/v2\/types\/page"}],"author":[{"embeddable":true,"href":"https:\/\/obercraft.de\/home\/index.php\/wp-json\/wp\/v2\/users\/2"}],"replies":[{"embeddable":true,"href":"https:\/\/obercraft.de\/home\/index.php\/wp-json\/wp\/v2\/comments?post=10"}],"version-history":[{"count":13,"href":"https:\/\/obercraft.de\/home\/index.php\/wp-json\/wp\/v2\/pages\/10\/revisions"}],"predecessor-version":[{"id":333,"href":"https:\/\/obercraft.de\/home\/index.php\/wp-json\/wp\/v2\/pages\/10\/revisions\/333"}],"wp:attachment":[{"href":"https:\/\/obercraft.de\/home\/index.php\/wp-json\/wp\/v2\/media?parent=10"}],"curies":[{"name":"wp","href":"https:\/\/api.w.org\/{rel}","templated":true}]}}